{"id":38,"date":"2025-06-03T19:23:55","date_gmt":"2025-06-03T18:23:55","guid":{"rendered":"https:\/\/montatullc.com\/index.php\/home\/"},"modified":"2025-06-13T20:35:12","modified_gmt":"2025-06-13T19:35:12","slug":"monta_tu_llc","status":"publish","type":"page","link":"https:\/\/montatullc.com\/","title":{"rendered":"Monta tu llc"},"content":{"rendered":"","protected":false},"excerpt":{"rendered":"","protected":false},"author":1,"featured_media":0,"parent":0,"menu_order":0,"comment_status":"closed","ping_status":"closed","template":"page-templates\/frontpage.php","meta":{"footnotes":""},"class_list":["post-38","page","type-page","status-publish","hentry"],"yoast_head":"<!-- This site is optimized with the Yoast SEO plugin v26.3 - https:\/\/yoast.com\/wordpress\/plugins\/seo\/ -->\n<title>Monta tu llc - Crea tu LLC<\/title>\n<meta name=\"description\" content=\"Monta tu LLC para no residentes desde Espa\u00f1a, si estas pensando en crear tu LLC no esperes m\u00e1s, nuestros expertos te asesorar\u00e1n\" \/>\n<meta name=\"robots\" content=\"index, follow, max-snippet:-1, max-image-preview:large, max-video-preview:-1\" \/>\n<link rel=\"canonical\" href=\"http:\/\/montatullc.com\/\" \/>\n<meta property=\"og:locale\" content=\"es_ES\" \/>\n<meta property=\"og:type\" content=\"article\" \/>\n<meta property=\"og:title\" content=\"Monta tu llc - Crea tu LLC\" \/>\n<meta property=\"og:description\" content=\"Monta tu LLC para no residentes desde Espa\u00f1a, si estas pensando en crear tu LLC no esperes m\u00e1s, nuestros expertos te asesorar\u00e1n\" \/>\n<meta property=\"og:url\" content=\"http:\/\/montatullc.com\/\" \/>\n<meta property=\"og:site_name\" content=\"Crea tu LLC\" \/>\n<meta property=\"article:modified_time\" content=\"2025-06-13T19:35:12+00:00\" \/>\n<meta name=\"twitter:card\" content=\"summary_large_image\" \/>\n<script type=\"application\/ld+json\" class=\"yoast-schema-graph\">{\"@context\":\"https:\/\/schema.org\",\"@graph\":[{\"@type\":\"WebPage\",\"@id\":\"http:\/\/montatullc.com\/\",\"url\":\"http:\/\/montatullc.com\/\",\"name\":\"Monta tu llc - Crea tu LLC\",\"isPartOf\":{\"@id\":\"https:\/\/montatullc.com\/#website\"},\"datePublished\":\"2025-06-03T18:23:55+00:00\",\"dateModified\":\"2025-06-13T19:35:12+00:00\",\"description\":\"Monta tu LLC para no residentes desde Espa\u00f1a, si estas pensando en crear tu LLC no esperes m\u00e1s, nuestros expertos te asesorar\u00e1n\",\"breadcrumb\":{\"@id\":\"http:\/\/montatullc.com\/#breadcrumb\"},\"inLanguage\":\"es\",\"potentialAction\":[{\"@type\":\"ReadAction\",\"target\":[\"http:\/\/montatullc.com\/\"]}]},{\"@type\":\"BreadcrumbList\",\"@id\":\"http:\/\/montatullc.com\/#breadcrumb\",\"itemListElement\":[{\"@type\":\"ListItem\",\"position\":1,\"name\":\"Portada\",\"item\":\"http:\/\/montatullc.com\/\"},{\"@type\":\"ListItem\",\"position\":2,\"name\":\"Monta tu llc\"}]},{\"@type\":\"WebSite\",\"@id\":\"https:\/\/montatullc.com\/#website\",\"url\":\"https:\/\/montatullc.com\/\",\"name\":\"Monta tu LLC\",\"description\":\"Para no residentes U.S.A\",\"publisher\":{\"@id\":\"https:\/\/montatullc.com\/#organization\"},\"potentialAction\":[{\"@type\":\"SearchAction\",\"target\":{\"@type\":\"EntryPoint\",\"urlTemplate\":\"https:\/\/montatullc.com\/?s={search_term_string}\"},\"query-input\":{\"@type\":\"PropertyValueSpecification\",\"valueRequired\":true,\"valueName\":\"search_term_string\"}}],\"inLanguage\":\"es\"},{\"@type\":\"Organization\",\"@id\":\"https:\/\/montatullc.com\/#organization\",\"name\":\"Monta tu LLC\",\"url\":\"https:\/\/montatullc.com\/\",\"logo\":{\"@type\":\"ImageObject\",\"inLanguage\":\"es\",\"@id\":\"https:\/\/montatullc.com\/#\/schema\/logo\/image\/\",\"url\":\"http:\/\/montatullc.com\/wp-content\/uploads\/2025\/06\/monta-tu-llc.png\",\"contentUrl\":\"http:\/\/montatullc.com\/wp-content\/uploads\/2025\/06\/monta-tu-llc.png\",\"width\":1024,\"height\":1024,\"caption\":\"Monta tu LLC\"},\"image\":{\"@id\":\"https:\/\/montatullc.com\/#\/schema\/logo\/image\/\"}}]}<\/script>\n<!-- \/ Yoast SEO plugin. -->","yoast_head_json":{"title":"Monta tu llc - Crea tu LLC","description":"Monta tu LLC para no residentes desde Espa\u00f1a, si estas pensando en crear tu LLC no esperes m\u00e1s, nuestros expertos te asesorar\u00e1n","robots":{"index":"index","follow":"follow","max-snippet":"max-snippet:-1","max-image-preview":"max-image-preview:large","max-video-preview":"max-video-preview:-1"},"canonical":"http:\/\/montatullc.com\/","og_locale":"es_ES","og_type":"article","og_title":"Monta tu llc - Crea tu LLC","og_description":"Monta tu LLC para no residentes desde Espa\u00f1a, si estas pensando en crear tu LLC no esperes m\u00e1s, nuestros expertos te asesorar\u00e1n","og_url":"http:\/\/montatullc.com\/","og_site_name":"Crea tu LLC","article_modified_time":"2025-06-13T19:35:12+00:00","twitter_card":"summary_large_image","schema":{"@context":"https:\/\/schema.org","@graph":[{"@type":"WebPage","@id":"http:\/\/montatullc.com\/","url":"http:\/\/montatullc.com\/","name":"Monta tu llc - Crea tu LLC","isPartOf":{"@id":"https:\/\/montatullc.com\/#website"},"datePublished":"2025-06-03T18:23:55+00:00","dateModified":"2025-06-13T19:35:12+00:00","description":"Monta tu LLC para no residentes desde Espa\u00f1a, si estas pensando en crear tu LLC no esperes m\u00e1s, nuestros expertos te asesorar\u00e1n","breadcrumb":{"@id":"http:\/\/montatullc.com\/#breadcrumb"},"inLanguage":"es","potentialAction":[{"@type":"ReadAction","target":["http:\/\/montatullc.com\/"]}]},{"@type":"BreadcrumbList","@id":"http:\/\/montatullc.com\/#breadcrumb","itemListElement":[{"@type":"ListItem","position":1,"name":"Portada","item":"http:\/\/montatullc.com\/"},{"@type":"ListItem","position":2,"name":"Monta tu llc"}]},{"@type":"WebSite","@id":"https:\/\/montatullc.com\/#website","url":"https:\/\/montatullc.com\/","name":"Monta tu LLC","description":"Para no residentes U.S.A","publisher":{"@id":"https:\/\/montatullc.com\/#organization"},"potentialAction":[{"@type":"SearchAction","target":{"@type":"EntryPoint","urlTemplate":"https:\/\/montatullc.com\/?s={search_term_string}"},"query-input":{"@type":"PropertyValueSpecification","valueRequired":true,"valueName":"search_term_string"}}],"inLanguage":"es"},{"@type":"Organization","@id":"https:\/\/montatullc.com\/#organization","name":"Monta tu LLC","url":"https:\/\/montatullc.com\/","logo":{"@type":"ImageObject","inLanguage":"es","@id":"https:\/\/montatullc.com\/#\/schema\/logo\/image\/","url":"http:\/\/montatullc.com\/wp-content\/uploads\/2025\/06\/monta-tu-llc.png","contentUrl":"http:\/\/montatullc.com\/wp-content\/uploads\/2025\/06\/monta-tu-llc.png","width":1024,"height":1024,"caption":"Monta tu LLC"},"image":{"@id":"https:\/\/montatullc.com\/#\/schema\/logo\/image\/"}}]}},"jetpack_sharing_enabled":true,"_links":{"self":[{"href":"https:\/\/montatullc.com\/index.php\/wp-json\/wp\/v2\/pages\/38","targetHints":{"allow":["GET"]}}],"collection":[{"href":"https:\/\/montatullc.com\/index.php\/wp-json\/wp\/v2\/pages"}],"about":[{"href":"https:\/\/montatullc.com\/index.php\/wp-json\/wp\/v2\/types\/page"}],"author":[{"embeddable":true,"href":"https:\/\/montatullc.com\/index.php\/wp-json\/wp\/v2\/users\/1"}],"replies":[{"embeddable":true,"href":"https:\/\/montatullc.com\/index.php\/wp-json\/wp\/v2\/comments?post=38"}],"version-history":[{"count":2,"href":"https:\/\/montatullc.com\/index.php\/wp-json\/wp\/v2\/pages\/38\/revisions"}],"predecessor-version":[{"id":47,"href":"https:\/\/montatullc.com\/index.php\/wp-json\/wp\/v2\/pages\/38\/revisions\/47"}],"wp:attachment":[{"href":"https:\/\/montatullc.com\/index.php\/wp-json\/wp\/v2\/media?parent=38"}],"curies":[{"name":"wp","href":"https:\/\/api.w.org\/{rel}","templated":true}]}}